{"id":59,"date":"2021-11-18T15:32:35","date_gmt":"2021-11-18T15:32:35","guid":{"rendered":"http:\/\/blogs.kzoo.edu\/perdi\/?page_id=59"},"modified":"2023-11-16T21:53:51","modified_gmt":"2023-11-16T21:53:51","slug":"media","status":"publish","type":"page","link":"https:\/\/blogs.kzoo.edu\/perdi\/media\/","title":{"rendered":"Media"},"content":{"rendered":"\n<h2 id=\"videos\">Videos<\/h2>\n\n\n\n<h3 id=\"interview-on-book-festival-in-june-2023-budapest\">Interview on Book Festival in June 2023, Budapest <\/h3>\n\n\n\n<p><a href=\"https:\/\/www.facebook.com\/unnepikonyvhet\/videos\/1657172734748970\">View the interview on Facebook<\/a><\/p>\n\n\n\n<h3 id=\"short-interview-at-moholy-nagy-university-of-art-and-design-budapest\">Short interview at Moholy-Nagy University of Art and Design&nbsp;<em>Budapest<\/em>.<\/h3>\n\n\n\n<p><\/p>\n\n\n\n<figure class=\"wp-block-embed is-type-video is-provider-youtube wp-block-embed-youtube wp-embed-aspect-4-3 wp-has-aspect-ratio\"><div class=\"wp-block-embed__wrapper\">\n<iframe loading=\"lazy\" title=\"MOME: \u00c9RDI P\u00c9TER INTERJ\u00da\" width=\"750\" height=\"563\" src=\"https:\/\/www.youtube.com\/embed\/RsnWjLC8zRw?feature=oembed\" frameborder=\"0\" allow=\"accelerometer; autoplay; clipboard-write; encrypted-media; gyroscope; picture-in-picture; web-share\" referrerpolicy=\"strict-origin-when-cross-origin\" allowfullscreen><\/iframe>\n<\/div><\/figure>\n\n\n\n<h3 id=\"repair-society-video-podcasts-part-i-iv\">Repair Society video-podcasts. Part  I-IV.<\/h3>\n\n\n\n<p><\/p>\n\n\n\n<figure class=\"wp-block-embed is-type-video is-provider-youtube wp-block-embed-youtube wp-embed-aspect-16-9 wp-has-aspect-ratio\"><div class=\"wp-block-embed__wrapper\">\n<iframe loading=\"lazy\" title=\"Repair Society\" width=\"750\" height=\"422\" src=\"https:\/\/www.youtube.com\/embed\/videoseries?list=PLPJkFbFvpGyewbrEmUm-H4pkblKZ6UzfP\" frameborder=\"0\" allow=\"accelerometer; autoplay; clipboard-write; encrypted-media; gyroscope; picture-in-picture; web-share\" referrerpolicy=\"strict-origin-when-cross-origin\" allowfullscreen><\/iframe>\n<\/div><\/figure>\n\n\n\n<h3 id=\"brain-bar-2022\">Brain Bar 2022<\/h3>\n\n\n\n<figure class=\"wp-block-embed is-type-video is-provider-youtube wp-block-embed-youtube wp-embed-aspect-16-9 wp-has-aspect-ratio\"><div class=\"wp-block-embed__wrapper\">\n<iframe loading=\"lazy\" title=\"Aranykor vagy vil\u00e1gv\u00e9ge? | \u00c9rdi P\u00e9ter x Brain Bar\" width=\"750\" height=\"422\" src=\"https:\/\/www.youtube.com\/embed\/m16rVDXe4xU?feature=oembed\" frameborder=\"0\" allow=\"accelerometer; autoplay; clipboard-write; encrypted-media; gyroscope; picture-in-picture; web-share\" referrerpolicy=\"strict-origin-when-cross-origin\" allowfullscreen><\/iframe>\n<\/div><\/figure>\n\n\n\n<h3 id=\"nippon-hyoron-sha-japanese-part-i-and-part-ii-2021\">Nippon Hyoron Sha [Japanese] <a href=\"https:\/\/www.youtube.com\/watch?v=iCjsezw6CMg\">Part <\/a>I and <a href=\"https:\/\/www.youtube.com\/watch?v=qHWq7z9n8p4\">Part <\/a>II, 2021.<\/h3>\n\n\n\n<figure class=\"wp-block-embed is-type-video is-provider-youtube wp-block-embed-youtube wp-embed-aspect-16-9 wp-has-aspect-ratio\"><div class=\"wp-block-embed__wrapper\">\n<iframe loading=\"lazy\" title=\"\u3010\u524d\u7de8\u3011\u30e9\u30f3\u30ad\u30f3\u30b0 \u79c1\u305f\u3061\u306f\u306a\u305c\u9806\u4f4d\u304c\u6c17\u306b\u306a\u308b\u306e\u304b\uff1f\u8457\u8005\u30a4\u30f3\u30bf\u30d3\u30e5\u30fc\uff08\u65e5\u672c\u8a9e\u5b57\u5e55\u7248\uff09\" width=\"750\" height=\"422\" src=\"https:\/\/www.youtube.com\/embed\/iCjsezw6CMg?feature=oembed\" frameborder=\"0\" allow=\"accelerometer; autoplay; clipboard-write; encrypted-media; gyroscope; picture-in-picture; web-share\" referrerpolicy=\"strict-origin-when-cross-origin\" allowfullscreen><\/iframe>\n<\/div><\/figure>\n\n\n\n<p class=\"has-extra-small-font-size\"><a href=\"https:\/\/www.youtube.com\/watch?v=8CJ2YoJ_564\">Talkback with Natalie &#8211; upcoming release of Ranking<\/a>. Kalamazoo College, 2019.<\/p>\n\n\n\n<figure class=\"wp-block-embed is-type-video is-provider-youtube wp-block-embed-youtube wp-embed-aspect-16-9 wp-has-aspect-ratio\"><div class=\"wp-block-embed__wrapper\">\n<iframe loading=\"lazy\" title=\"Peter Erdi Talkback 2\" width=\"750\" height=\"422\" src=\"https:\/\/www.youtube.com\/embed\/8CJ2YoJ_564?feature=oembed\" frameborder=\"0\" allow=\"accelerometer; autoplay; clipboard-write; encrypted-media; gyroscope; picture-in-picture; web-share\" referrerpolicy=\"strict-origin-when-cross-origin\" allowfullscreen><\/iframe>\n<\/div><\/figure>\n\n\n\n<p class=\"has-extra-small-font-size\"><a href=\"https:\/\/www.youtube.com\/watch?v=4KIuVubqdTQ\">Time &#8211; a talk with Dr. Erdi. 2012 Institute of Advanced Studies, Durham University <\/a><\/p>\n\n\n\n<figure class=\"wp-block-embed is-type-video is-provider-youtube wp-block-embed-youtube wp-embed-aspect-16-9 wp-has-aspect-ratio\"><div class=\"wp-block-embed__wrapper\">\n<iframe loading=\"lazy\" title=\"Time a conversation with Prof Peter Erdi\" width=\"750\" height=\"422\" src=\"https:\/\/www.youtube.com\/embed\/4KIuVubqdTQ?feature=oembed\" frameborder=\"0\" allow=\"accelerometer; autoplay; clipboard-write; encrypted-media; gyroscope; picture-in-picture; web-share\" referrerpolicy=\"strict-origin-when-cross-origin\" allowfullscreen><\/iframe>\n<\/div><\/figure>\n\n\n\n<h2 id=\"podcasts\">Podcasts<\/h2>\n\n\n\n<figure class=\"wp-block-embed is-type-wp-embed is-provider-uj-egyenloseg wp-block-embed-uj-egyenloseg\"><div class=\"wp-block-embed__wrapper\">\n<blockquote class=\"wp-embedded-content\" data-secret=\"SgjQ6obVCS\"><a href=\"https:\/\/ujegyenloseg.hu\/az-eldobo-tarsadalom-megjavitasa\/\">Az eldob\u00f3 t\u00e1rsadalom megjav\u00edt\u00e1sa<\/a><\/blockquote><iframe class=\"wp-embedded-content\" sandbox=\"allow-scripts\" security=\"restricted\" style=\"position: absolute; clip: rect(1px, 1px, 1px, 1px);\" title=\"&#8220;Az eldob\u00f3 t\u00e1rsadalom megjav\u00edt\u00e1sa&#8221; &#8212; \u00daj Egyenl\u0151s\u00e9g\" src=\"https:\/\/ujegyenloseg.hu\/az-eldobo-tarsadalom-megjavitasa\/embed\/#?secret=SgjQ6obVCS\" data-secret=\"SgjQ6obVCS\" width=\"600\" height=\"338\" frameborder=\"0\" marginwidth=\"0\" marginheight=\"0\" scrolling=\"no\"><\/iframe>\n<\/div><\/figure>\n\n\n\n<p class=\"has-extra-small-font-size\"><a href=\"https:\/\/feeds.buzzsprout.com\/2185847.rss\">Towards a Repair Society Podcast<\/a><\/p>\n\n\n\n<p class=\"has-extra-small-font-size\"><a href=\"https:\/\/azeletmegminden.hu\/047-erdi-peter-podcast\/\">Ranking: The social game we all play Interview with P\u00e9ter \u00c9rdi [in Hungarian]<\/a>, Az elet meg minden, 2022.<\/p>\n\n\n\n<p class=\"has-extra-small-font-size\"><a href=\"https:\/\/www.rogerdooley.com\/peter-erdi-ranking\/\">Ranking with P\u00e9ter \u00c9rdi<\/a>: Roger Dooley, 2020.<\/p>\n\n\n\n<p class=\"has-extra-small-font-size\"><a href=\"https:\/\/anchor.fm\/remote-software-genius\/episodes\/Model-Talk-Ranking-and-Repair-with-Dr--Pter-rdi-ek5o66\">Model Talk: Ranking and Repair (with Dr. P\u00e9ter \u00c9rdi)<\/a>: Remote Software Genius, 2020. <\/p>\n\n\n\n<h2 id=\"radio\">Radio<\/h2>\n\n\n\n<p class=\"has-extra-small-font-size\"><a href=\"https:\/\/drive.google.com\/file\/d\/1z8Ch06u0-Q5KfV-Vy2C_5t2NVjJyCHc2\/view\">Olah Andrea Interview<\/a> <\/p>\n\n\n\n<figure class=\"wp-block-embed is-type-rich is-provider-soundcloud wp-block-embed-soundcloud\"><div class=\"wp-block-embed__wrapper\">\n<iframe loading=\"lazy\" title=\"Rangsorol\u00e1s - \u00c9rdi P\u00e9ter by K\u00f6nyvben utazom - Ol\u00e1h Andre\u00e1val\" width=\"750\" height=\"400\" scrolling=\"no\" frameborder=\"no\" src=\"https:\/\/w.soundcloud.com\/player\/?visual=true&#038;url=https%3A%2F%2Fapi.soundcloud.com%2Ftracks%2F1136363764&#038;show_artwork=true&#038;maxheight=1000&#038;maxwidth=750\"><\/iframe>\n<\/div><\/figure>\n\n\n\n<h2 id=\"selected-reviews\">Selected Reviews<\/h2>\n\n\n\n<p class=\"has-extra-small-font-size\"><a href=\"https:\/\/www.typotex.hu\/review\/11593\/0\/list\">Review &#8211; Ranking [Hungarian version]<\/a>, 2021<\/p>\n\n\n\n<p class=\"has-extra-small-font-size\"><a href=\"http:\/\/www.yes24.com\/Product\/Goods\/95541734\">Ranking &#8211; About the Korean version<\/a>, 2020.<\/p>\n\n\n\n<p class=\"has-extra-small-font-size\"><a href=\"https:\/\/global.oup.com\/academic\/product\/ranking-9780190935467?cc=us&amp;lang=en&amp;#\">Review &#8211; Ranking, Oxford University Press, 2019.<\/a><\/p>\n","protected":false},"excerpt":{"rendered":"<p>Videos Interview on Book Festival in June 2023, Budapest View the interview on Facebook Short interview at Moholy-Nagy University of Art and Design&nbsp;Budapest. Repair Society video-podcasts. Part I-IV. Brain Bar 2022 Nippon Hyoron Sha [Japanese] Part I and Part II, 2021. Talkback with Natalie &#8211; upcoming release of Ranking. Kalamazoo College, 2019. Time &#8211; a&hellip; <a class=\"more-link\" href=\"https:\/\/blogs.kzoo.edu\/perdi\/media\/\">Continue reading <span class=\"screen-reader-text\">Media<\/span><\/a><\/p>\n","protected":false},"author":81,"featured_media":0,"parent":0,"menu_order":0,"comment_status":"closed","ping_status":"closed","template":"","meta":[],"_links":{"self":[{"href":"https:\/\/blogs.kzoo.edu\/perdi\/wp-json\/wp\/v2\/pages\/59"}],"collection":[{"href":"https:\/\/blogs.kzoo.edu\/perdi\/wp-json\/wp\/v2\/pages"}],"about":[{"href":"https:\/\/blogs.kzoo.edu\/perdi\/wp-json\/wp\/v2\/types\/page"}],"author":[{"embeddable":true,"href":"https:\/\/blogs.kzoo.edu\/perdi\/wp-json\/wp\/v2\/users\/81"}],"replies":[{"embeddable":true,"href":"https:\/\/blogs.kzoo.edu\/perdi\/wp-json\/wp\/v2\/comments?post=59"}],"version-history":[{"count":18,"href":"https:\/\/blogs.kzoo.edu\/perdi\/wp-json\/wp\/v2\/pages\/59\/revisions"}],"predecessor-version":[{"id":464,"href":"https:\/\/blogs.kzoo.edu\/perdi\/wp-json\/wp\/v2\/pages\/59\/revisions\/464"}],"wp:attachment":[{"href":"https:\/\/blogs.kzoo.edu\/perdi\/wp-json\/wp\/v2\/media?parent=59"}],"curies":[{"name":"wp","href":"https:\/\/api.w.org\/{rel}","templated":true}]}}