{"id":62,"date":"2021-11-18T15:33:55","date_gmt":"2021-11-18T15:33:55","guid":{"rendered":"http:\/\/blogs.kzoo.edu\/perdi\/?page_id=62"},"modified":"2023-05-30T16:46:14","modified_gmt":"2023-05-30T16:46:14","slug":"talks","status":"publish","type":"page","link":"https:\/\/blogs.kzoo.edu\/perdi\/talks\/","title":{"rendered":"Recent (and not so recent) Talks"},"content":{"rendered":"\n<h2 id=\"2023\">2023<\/h2>\n\n\n\n<ul class=\"has-extra-small-font-size\"><li><em>Mi\u00e9rt divatsz\u00f3 a reziliencia?<\/em> MOME Budapest 2023 March (in Hungarian)<\/li><li><em>The Ranking Game from a Hungarian Perspective<\/em>, Harriman Institute, Columbia University &#8211; 2023 April<\/li><li><em>Repair<\/em> NEW YORK HUNGARIAN SCIENTIFIC SOCIETY<\/li><li><em>Repair<\/em> Montreal HUNGARIAN SCIENTIFIC SOCIETY<\/li><\/ul>\n\n\n\n<h2 id=\"2022\">2022<\/h2>\n\n\n\n<ul class=\"has-extra-small-font-size\"><li><em>Aranykor vagy vil\u00e1gv\u00e9ge? Brainbar<\/em>, Budapest &#8211; 2022 September (in Hungarian)<\/li><li><em>Repair: When and How to Improve Broken Objects, Ourselves and Our Society<\/em>. Kalamazoo College, Community Reflections. May 6th 2022<\/li><\/ul>\n\n\n\n<h2 id=\"2021\">2021<\/h2>\n\n\n\n<ul class=\"has-extra-small-font-size\"><li><em>The evolution of the social game we all play<\/em>: Keynote Social Science and Humanities Approach to University Rankings, streamed from Budapest May 2021<\/li><li><em>Ranking Game: Data, Algorithms and Navigation between Objectivity and Subjectivity<\/em>: SIX\/Wordline Global: March 2021<\/li><li><em>Ranking Game: Data, Algorithms and Navigation between Objectivity and Subjectivity<\/em>. Webinar: Taiwan, organized by the Taelor company June 2021<\/li><\/ul>\n\n\n\n<h2 id=\"2020\">2020<\/h2>\n\n\n\n<ul class=\"has-extra-small-font-size\"><li><em>Comparison, ranking, rating and lists<\/em>: FISU World Forum (streamed from Budapest)<\/li><li><em>The Ranking Game from a Hungarian Perspective<\/em>. Center for the Study of Complex Systems. University of Michigan, Sept. 2020<\/li><\/ul>\n\n\n\n<h2 id=\"2019\">2019<\/h2>\n\n\n\n<ul class=\"has-extra-small-font-size\"><li>6th Intl. Conference on Soft Computing &amp; Machine Intelligence, Johannesburg (ISCMI 2019) &#8211; <em>RANKING: The reality, illusion and manipulation of objectivity<\/em><\/li><li><a href=\"https:\/\/www.up.ac.za\/sarchi-chair-m3b2\/article\/27728\/biomath-forum-and-other-talks\">Biomath Forum, University of Pretoria<\/a> &#8211; <em>Dynamical systems perspective in neuroscience &#8211; historical and current approaches<\/em><\/li><li><a href=\"http:\/\/www.di.unito.it\/~lieto\/AIC2019\/\">7th International Workshop on Artificial Intelligence and Cognition, Manchester<\/a> &#8211; <em>The Cognitive Science of the Ranking Game<\/em><\/li><li><a href=\"http:\/\/www.kzoo.edu\/news\/lucasse-fellowship\">Florence J. Lucasse Fellowship for Excellence in Scholarship Lecture<\/a> &#8211; <em>RANKING: The Hidden Rules of the Social Game We All Play. (Kalamazoo College)<\/em><\/li><li><a href=\"https:\/\/efop362.itk.ppke.hu\/conferences\">Bioinspired analysis of dynamical systems and Protein network analysis. Esztergom, Hungary<\/a> &#8211; <em>Dynamical systems perspective in neuroscience &#8211; historical and current approaches<\/em><\/li><\/ul>\n\n\n\n<h2 id=\"2018\">2018<\/h2>\n\n\n\n<ul class=\"has-extra-small-font-size\"><li><a href=\"http:\/\/www.researchnetwork.ma\/icds2018\/KeyNote.html\">The second International Conference On Intelligent Computing in Data Science. Keynote lecture Fez, Morocco<\/a><a> &#8211; <em>From Cybernetics to Cognitive Science and Back<\/em><\/a><\/li><li><a href=\"http:\/\/dese.org.uk\/city-of-cambridge\/\">Data Science and Internet of Everything. Keynote Lecture, Cambridge, UK<\/a> &#8211; <a><em>How to Play the Ranking Game?<\/em><\/a><\/li><\/ul>\n\n\n\n<h2 id=\"2017\">2017<\/h2>\n\n\n\n<ul class=\"has-extra-small-font-size\"><li><a href=\"http:\/\/ic-ic.tongji.edu.cn\/\">Intelligent Computing Theories and Application. Keynote Lecture, Liverpool, UK<\/a><a> &#8211; <em>Ranking: The reality, illusion and manipulation of objectivity<\/em><\/a><\/li><li><a href=\"http:\/\/www.ijcnn.org\/tutorials\">International Joint Conference on Neural Networks, Anchorage, Alaska, USA<\/a> &#8211; <a><em>From Complex Systems Theory to Systems Neuroscience (Tutorial)<\/em><\/a><\/li><li><a href=\"http:\/\/cogsima2017.ieee-cogsima.org\/program\/tutorials\/\">2017 IEEE Conference on Cognitive and Computational Aspects of Situation Management<\/a> &#8211; <em>Systems Theoretical Approach to Situation Awareness: Historical and Modern Perspectives<\/em><\/li><\/ul>\n\n\n\n<h2 id=\"2016\">2016<\/h2>\n\n\n\n<ul class=\"has-extra-small-font-size\"><li><a href=\"http:\/\/www.bcsss.org\/2016\/peter-erdi-on-systems-neuroscience-lecture-on-22-september-2016\/\">Bertalanffy Lecture 2016 &#8211; <em>Complex Systems Perspective in Neuroscience: historical and current approaches<\/em><\/a><\/li><li><a href=\"http:\/\/icann2016.org\/wp-content\/uploads\/2015\/08\/ICANN2016_programme.pdf?20160903%22\">ICANN 2016<\/a> &#8211; <a><em>Patent Citation Network Analysis: Topology and evolution of patent citation networks<\/em><\/a>, <a><em>Patent Citation Network Analysis:Ranking: from web pages to patents<\/em><\/a><\/li><li><a href=\"http:\/\/www.wcci2016.org\/programs.php?id=home\">IEEE WCCI 2016 Tutorial<\/a> &#8211; <a><em>Patent Citation Network Analysis<\/em><\/a><\/li><li><a href=\"http:\/\/www.di.unito.it\/~lieto\/AIC2016\/program_aic_2016.pdf\">4th International Workshop on Artificial Intelligence and Cognition. 2016 Annual International Conference on Biologically Inspired Cognitive Architectures<\/a> &#8211; <a><em>The brain-mind-computer trichotomy:hermeneutic approach<\/em><\/a><\/li><li><a href=\"http:\/\/meetings.siam.org\/sess\/dsp_programsess.cfm?SESSIONCODE=23522\">Mathematical Neurology and Psychiatry, 2016 SIAM Conference on the Life Sciences<\/a> &#8211; <em>Connecting Epilepsy and Alzheimer&#8217;s Disease: A Computational Modeling Framework<\/em><\/li><\/ul>\n\n\n\n<h2 id=\"2015\">2015<\/h2>\n\n\n\n<ul class=\"has-extra-small-font-size\"><li><a href=\"https:\/\/sites.google.com\/site\/bsenbhattacharya\/Home\/latest-activities\/worshop-at-ijcnn-2015\">Workshop at International Joint Conference on Neural Networks 2015, Killarney, Ireland<\/a> &#8211; <em>Computational neurology and psychiatry: do we need it?<\/em><\/li><li><a href=\"http:\/\/www.ijcnn.org\/tutorials#T7\">http:\/\/www.ijcnn.org\/tutorials 2015, Killarney, Ireland<\/a> &#8211; <a><em>Computational Neuroscience: Past- Present -Future<\/em><\/a><\/li><li><a href=\"http:\/\/modeling.outreach.msu.edu\/program\/session-5#presentation11\">Innovations in Collaborative Modeling, Michigan State University<\/a> &#8211;<em>ModelingComputational Social Science (tutorial)<\/em><\/li><li><a href=\"https:\/\/reason.kzoo.edu\/africanstudies\/assets\/Ebola_Program_Final_2_26Jan15.pdf\">Ebola in Perspective:Our Roles as Global Citizens, Kalamazoo College<\/a> &#8211; <em>Modeling Ebola Propagation:Understanding, Prediction, Control<\/em><\/li><\/ul>\n\n\n\n<h2 id=\"2014\">2014<\/h2>\n\n\n\n<ul class=\"has-extra-small-font-size\"><li><a href=\"http:\/\/www.iscb.org\/glbio2014-program\/glbio2014-detailed-agenda\">Great Lakes Bioinformatics Conference 2014 &#8211; The Quantitative Systems Pharmacological Approach: Anxiolytic Drugs and Altered Hippocampal Theta Rhythms. Highlight talk.<\/a><\/li><li><a href=\"http:\/\/www.iscb.org\/glbio2014-program\/glbio2014-speakers\">Great Lakes Bioinformatics Conference 2014<\/a> &#8211; STOCHASTIC CHEMICAL KINETICS: Theory and Systems Biological Applications; Tutorial<\/li><li><a href=\"http:\/\/geza.kzoo.edu\/~erdi\/FAU14.pdf\">Florida Atlantic University Neuroscience Seminar Series<\/a> &#8211; The Quantitative Systems Pharmacological Approach: Altered Hippocampal Theta Rhythms, Anxiety, Alzheimer Disease<\/li><\/ul>\n\n\n\n<h2 id=\"2013\">2013<\/h2>\n\n\n\n<ul class=\"has-extra-small-font-size\"><li><a href=\"http:\/\/garfield.chem.elte.hu\/RKFMB\/mbiz132.pdf\">MTA Reakci\u00f3kinetikai \u00e9s Fotok\u00e9miai Munkabizotts\u00e1g &#8211; <\/a>A technol\u00f3gia fejl\u0151d\u00e9s el\u0151rejelz\u00e9se szabadalmi id\u00e9zetek elemz\u00e9s\u00e9vel<\/li><li><a href=\"http:\/\/garfield.chem.elte.hu\/RKFMB\/mbiz132.pdf\">MTA Reakci\u00f3kinetikai \u00e9s Fotok\u00e9miai Munkabizotts\u00e1g<\/a> &#8211; Dinamikus neurofarmakol\u00f3gia<\/li><li><a href=\"http:\/\/cls.es.hokudai.ac.jp\/kanreki\/index_en.html\">From complex systems to dynamic brain theory, Hokkaido University, Sapporo<\/a> &#8211; Cybernetics, AI, Cognitive Science and Computational Neuroscience: Historical Aspects<\/li><li><a href=\"http:\/\/fizkem.unideb.hu\/szeminarium.html\">Debreceni Egyetem TTK K\u00e9miai Int\u00e9zet<\/a> &#8211; M\u00faltba tekintve, j\u00f6v\u0151 j\u00f3solva<\/li><li><a href=\"http:\/\/ems2013.eu\/site\/index.php\">Europen Meeings of Statisticians, Budapest<\/a> &#8211; Neuropercolation and Related Models of Criticalities<\/li><li><a href=\"http:\/\/ems2013.eu\/site\/index.php\">Dynamic Brain Forum, Sigtuna, Sweden<\/a> &#8211; Anxiolytic drugs and altered hippocampal theta rhythms: The quantitative systems pharmacological approach<\/li><li><a>Science of Success Symposia:&nbsp;<em>Institute of Quantitative Social Science at Harvard University<\/em><\/a><a href=\"http:\/\/www.barabasilab.com\/success\/doc\/sos_program.pdf\">&nbsp;<\/a><em><a href=\"https:\/\/www.barabasilab.com\/publications\">Prediction of Emerging Technologies: Using Patent Citation Networks Analysis<\/a><\/em><\/li><\/ul>\n\n\n\n<h2 id=\"2012\">2012<\/h2>\n\n\n\n<ul class=\"has-extra-small-font-size\"><li><em><a href=\"http:\/\/www.york.ac.uk\/yccsa\/\">York Centre for Complex Systems Analysis&nbsp;<\/a><\/em><a><em>&#8211; Dynamics of Complex Systems<\/em><\/a><\/li><li><a>Memorial conference on the occasion of 100th birthday of J\u00c1NOS SZENT\u00c1GOTHAI (1912-1994) Consulate General of Hungary New York City) &#8211; &nbsp;<\/a><a href=\"http:\/\/geza.kzoo.edu\/~erdi\/nyc12.pdf\"><em>Reconciling the Irreconcilable: Selforganization versus Downward Causation<\/em><\/a><\/li><li><em><a href=\"http:\/\/www.dur.ac.uk\/ias\/events\/events_listings\/?eventno=13195\">IAS Fellow&#8217;s Public Lecture &#8211;&nbsp;<\/a><\/em><a><em>Looking into the Past &#8211; Predicting the Future<\/em><\/a><\/li><li><a>Dynamic Brain forum, Carmona, Spain Invited lecture: Towards a Computational Psychiatry<\/a><\/li><li><a href=\"http:\/\/summerschool.ssa.org.ua\/courses\/neuroscience\"><em>Summer School, Achievements and Applications of Contemporary Informatics, Mathematics and Physics; Kyiv Polytechnic Institute<\/em><\/a><\/li><li><em><a href=\"http:\/\/www.emcsr-conference.org\/public\/conferences\/1\/schedConfs\/2\/program-en_US.pdf\">21st European Meeting on Cybernetics and Systems Research&nbsp;<\/a><\/em><a><em>&#8211; Keynote lecture: Forty years in biocybernetics. Luigi Ricciardi Memorial Lecture<\/em><\/a><\/li><li><em><a href=\"http:\/\/sitemaker.umich.edu\/mathbio\/home\">Univ. Michigan, Quantitative Biology Seminar&nbsp;<\/a><\/em><a><em>&#8211; Functional Disconnectivity in Schizophrenia<\/em><\/a><\/li><li><a>Michigan State University Law School &#8211;&nbsp;<em>Prediction of Emerging Technologies Based on Analysis of the U.S. Patent Citation Network<\/em><\/a><\/li><\/ul>\n\n\n\n<h2 id=\"2011\">2011<\/h2>\n\n\n\n<ul class=\"has-extra-small-font-size\"><li>Hoftsra University CS and Psychology department common seminar &#8211;&nbsp;<em>Computational Psychiatry: A New Discipline<\/em><\/li><li>Conference on Emergent Order, Plymouth, NH &#8211;&nbsp;<em>The emergence of new technologies versus the development of the patent system: a possible co-evolutionary mechanism<\/em><\/li><li>D\u00e9partement des systemes d&#8217;information, HEC, Univ. Lausanne &#8211; <em>Prediction of Emerging Technologies Based on the Analysis of the U.S. Patent Citation Network<\/em><\/li><li>Microsoft, BING, social graph group, Mountain View, Ca. &#8211; &nbsp;<em>Prediction of Emerging Technologies Based on the Analysis of the U.S. Patent Citation Network<\/em><\/li><li>Computational Social Science I-II (tutorial IJCNN, San Jose, Ca)<\/li><li><a>Int. Conf. On Cognitive Neurodynamics, Niseko, Hokkaido &#8211; The schizophrenic brain: A broken hermeneutic circle. Some insights and results.<\/a><\/li><li><a>The 2nd Workshop on Data, Text, Web, and Social Network Mining. Univ. Michigan &#8211;&nbsp;<em>Prediction of Emerging Technologies Based on Analysis of the U.S. Patent Citation Network<\/em>&nbsp;<\/a><a href=\"http:\/\/www.eecs.umich.edu\/cse\/dm_11_video\/erdi.mp4\">video<\/a><\/li><li>Michigan State University- Kalamazoo Center for Medical Studies, Psychiatry &#8211;&nbsp;<em>Computational Psychiatry<\/em><\/li><li>The Patent Conference, University of Kansas School of Law &#8211; <em>Analysis of the USPTO citation network<\/em><\/li><li>Dow Corning Technical Exchange Society, Midland, MI &#8211;&nbsp;<em>Dynamics of Complex Systems<\/em><\/li><li>Dow Chemical Company, Midland, MI &#8211; <em>Patent citation networks: analysis: From theory to practice<\/em><\/li><li>Michigan State University, Institute for Cyber Enabled Research &#8211;&nbsp;<em>Computational Social Science<\/em><\/li><li><a href=\"http:\/\/www.dur.ac.uk\/ias\/fellows\/1213\/\"><em>IAS fellow: October &#8211; December 2012: Institute of Advanced Study, Durham University, UK<\/em><\/a>&nbsp;<a href=\"http:\/\/www.youtube.com\/watch?v=4KIuVubqdTQ\">Interview<\/a><\/li><li><a href=\"http:\/\/www.ijcnn2013.org\/\"><em>International Joint Conference on Neural Networks, Dallas, TX <\/em><\/a><em>&#8211; August 4-9, 2013<\/em><\/li><\/ul>\n\n\n\n<hr class=\"wp-block-separator\" \/>\n\n\n\n<div class=\"wp-block-columns alignwide\">\n<div class=\"wp-block-column\">\n<p>Email: <a href=\"mailto:#\">perdi@kzoo.edu<br><\/a>Phone: (269) 337-5720<\/p>\n<\/div>\n\n\n\n<div class=\"wp-block-column\">\n<p class=\"has-text-align-center\">1200 Academy Street<br>Kalamazoo, MI, 49006<\/p>\n<\/div>\n\n\n\n<div class=\"wp-block-column is-vertically-aligned-center\">\n<p>Office: OLDU208B <\/p>\n<\/div>\n<\/div>\n","protected":false},"excerpt":{"rendered":"<p>2023 Mi\u00e9rt divatsz\u00f3 a reziliencia? MOME Budapest 2023 March (in Hungarian) The Ranking Game from a Hungarian Perspective, Harriman Institute, Columbia University &#8211; 2023 April Repair NEW YORK HUNGARIAN SCIENTIFIC SOCIETY Repair Montreal HUNGARIAN SCIENTIFIC SOCIETY 2022 Aranykor vagy vil\u00e1gv\u00e9ge? Brainbar, Budapest &#8211; 2022 September (in Hungarian) Repair: When and How to Improve Broken Objects,&hellip; <a class=\"more-link\" href=\"https:\/\/blogs.kzoo.edu\/perdi\/talks\/\">Continue reading <span class=\"screen-reader-text\">Recent (and not so recent) Talks<\/span><\/a><\/p>\n","protected":false},"author":81,"featured_media":324,"parent":0,"menu_order":0,"comment_status":"closed","ping_status":"closed","template":"","meta":[],"_links":{"self":[{"href":"https:\/\/blogs.kzoo.edu\/perdi\/wp-json\/wp\/v2\/pages\/62"}],"collection":[{"href":"https:\/\/blogs.kzoo.edu\/perdi\/wp-json\/wp\/v2\/pages"}],"about":[{"href":"https:\/\/blogs.kzoo.edu\/perdi\/wp-json\/wp\/v2\/types\/page"}],"author":[{"embeddable":true,"href":"https:\/\/blogs.kzoo.edu\/perdi\/wp-json\/wp\/v2\/users\/81"}],"replies":[{"embeddable":true,"href":"https:\/\/blogs.kzoo.edu\/perdi\/wp-json\/wp\/v2\/comments?post=62"}],"version-history":[{"count":11,"href":"https:\/\/blogs.kzoo.edu\/perdi\/wp-json\/wp\/v2\/pages\/62\/revisions"}],"predecessor-version":[{"id":395,"href":"https:\/\/blogs.kzoo.edu\/perdi\/wp-json\/wp\/v2\/pages\/62\/revisions\/395"}],"wp:featuredmedia":[{"embeddable":true,"href":"https:\/\/blogs.kzoo.edu\/perdi\/wp-json\/wp\/v2\/media\/324"}],"wp:attachment":[{"href":"https:\/\/blogs.kzoo.edu\/perdi\/wp-json\/wp\/v2\/media?parent=62"}],"curies":[{"name":"wp","href":"https:\/\/api.w.org\/{rel}","templated":true}]}}